{"id":231,"date":"2020-04-09T10:34:51","date_gmt":"2020-04-09T10:34:51","guid":{"rendered":"https:\/\/migueleek.com\/bio\/"},"modified":"2025-12-05T20:43:53","modified_gmt":"2025-12-05T20:43:53","slug":"bio","status":"publish","type":"page","link":"https:\/\/migueleek.com\/en\/bio\/","title":{"rendered":"Bio"},"content":{"rendered":"\t\t<div data-elementor-type=\"wp-page\" data-elementor-id=\"231\" class=\"elementor elementor-231 elementor-225\" data-elementor-post-type=\"page\">\n\t\t\t\t\t\t<section class=\"elementor-section elementor-top-section elementor-element elementor-element-26585dd elementor-section-full_width elementor-section-height-min-height elementor-section-items-stretch elementor-section-height-default\" data-id=\"26585dd\" data-element_type=\"section\" data-settings=\"{&quot;background_background&quot;:&quot;classic&quot;}\">\n\t\t\t\t\t\t<div class=\"elementor-container elementor-column-gap-no\">\n\t\t\t\t\t<div class=\"elementor-column elementor-col-50 elementor-top-column elementor-element elementor-element-e7a9d89\" data-id=\"e7a9d89\" data-element_type=\"column\">\n\t\t\t<div class=\"elementor-widget-wrap elementor-element-populated\">\n\t\t\t\t\t\t<div class=\"elementor-element elementor-element-eb45f40 elementor-hidden-desktop elementor-hidden-phone elementor-widget elementor-widget-image\" data-id=\"eb45f40\" data-element_type=\"widget\" data-widget_type=\"image.default\">\n\t\t\t\t<div class=\"elementor-widget-container\">\n\t\t\t\t\t\t\t\t\t\t\t\t\t<img fetchpriority=\"high\" decoding=\"async\" width=\"768\" height=\"536\" src=\"https:\/\/migueleek.com\/wp-content\/uploads\/2020\/04\/migueleek_bio_tablet-768x536.jpg\" class=\"attachment-medium_large size-medium_large wp-image-734\" alt=\"\" \/>\t\t\t\t\t\t\t\t\t\t\t\t\t<\/div>\n\t\t\t\t<\/div>\n\t\t\t\t<div class=\"elementor-element elementor-element-28c1fe1 elementor-hidden-desktop elementor-hidden-tablet elementor-widget elementor-widget-image\" data-id=\"28c1fe1\" data-element_type=\"widget\" data-widget_type=\"image.default\">\n\t\t\t\t<div class=\"elementor-widget-container\">\n\t\t\t\t\t\t\t\t\t\t\t\t\t<img decoding=\"async\" src=\"https:\/\/migueleek.com\/wp-content\/uploads\/elementor\/thumbs\/migueleek_bio_solo-qsz2vthoiob0ctkd2yu5uwih6hqktyo97weus6bmnk.jpg\" title=\"MIGUEL EEK bio\" alt=\"MIGUEL EEK bio\" loading=\"lazy\" \/>\t\t\t\t\t\t\t\t\t\t\t\t\t<\/div>\n\t\t\t\t<\/div>\n\t\t\t\t\t<\/div>\n\t\t<\/div>\n\t\t\t\t<div class=\"elementor-column elementor-col-50 elementor-top-column elementor-element elementor-element-d0df24c\" data-id=\"d0df24c\" data-element_type=\"column\">\n\t\t\t<div class=\"elementor-widget-wrap elementor-element-populated\">\n\t\t\t\t\t\t<div class=\"elementor-element elementor-element-c709175 elementor-widget elementor-widget-jet-inline-svg\" data-id=\"c709175\" data-element_type=\"widget\" data-widget_type=\"jet-inline-svg.default\">\n\t\t\t\t<div class=\"elementor-widget-container\">\n\t\t\t<div class=\"elementor-jet-inline-svg jet-elements\"><div class=\"jet-inline-svg__wrapper\"><div class=\"jet-inline-svg jet-inline-svg--custom-width\"><div class=\"jet-inline-svg__inner\"><?xml version=\"1.0\" encoding=\"UTF-8\"?>\n<svg width=\"371px\" height=\"37px\" viewBox=\"0 0 371 37\" version=\"1.1\" xmlns=\"http:\/\/www.w3.org\/2000\/svg\" xmlns:xlink=\"http:\/\/www.w3.org\/1999\/xlink\">\n    <!-- Generator: Sketch 61 (89581) - https:\/\/sketch.com -->\n    <title>MIGUELEEK<\/title>\n    <desc>Created with Sketch.<\/desc>\n    <g id=\"Welcome\" stroke=\"none\" stroke-width=\"1\" fill=\"none\" fill-rule=\"evenodd\">\n        <g id=\"BIO\" transform=\"translate(-861.000000, -223.000000)\" fill=\"#FBFBFB\" fill-rule=\"nonzero\">\n            <path d=\"M864.55,259 L864.55,229 L878.2,250.3 L880,250.3 L893.65,229 L893.65,259 L896.25,259 L896.25,224 L893.8,224 L879.1,247.1 L864.4,224 L861.95,224 L861.95,259 L864.55,259 Z M916.35,259 L916.35,224 L913.75,224 L913.75,259 L916.35,259 Z M964.75,254.5 L964.75,240.1 L962.15,240.1 L962.15,253.45 C960.1,255.1 955.4,257.2 950.35,256.6 C941.9,255.6 936.2,249.75 936.2,241.5 C936.2,233.2 941.9,227.4 950.35,226.4 C955.55,225.75 960.3,228.1 962.3,229.7 L963.75,227.6 C960.9,225.35 956.4,223.25 950.35,223.65 C940.15,224.3 933.35,231.55 933.35,241.5 C933.35,251.4 940.15,258.65 950.35,259.35 C957.15,259.75 961.95,257.1 964.75,254.5 Z M994.4,259.35 C1001.6,259.35 1007.3,254.7 1007.3,244.5 L1007.3,224 L1004.65,224 L1004.65,244.85 C1004.65,253.1 1000.15,256.75 994.4,256.75 C988.65,256.75 983.85,253.1 983.85,244.85 L983.85,224 L981.25,224 L981.25,244.45 C981.25,254.95 987.2,259.35 994.4,259.35 Z M1047.75,226.6 L1047.75,224 L1024.8,224 L1024.8,226.6 L1047.75,226.6 Z M1046.2,242.8 L1046.2,240.2 L1024.8,240.2 L1024.8,242.8 L1046.2,242.8 Z M1048.05,259 L1048.05,256.4 L1024.8,256.4 L1024.8,259 L1048.05,259 Z M1086.1,259 L1086.1,256.4 L1067.65,256.4 L1067.65,224 L1065.05,224 L1065.05,259 L1086.1,259 Z M1148.05,226.6 L1148.05,224 L1125.1,224 L1125.1,226.6 L1148.05,226.6 Z M1146.5,242.8 L1146.5,240.2 L1125.1,240.2 L1125.1,242.8 L1146.5,242.8 Z M1148.35,259 L1148.35,256.4 L1125.1,256.4 L1125.1,259 L1148.35,259 Z M1188.3,226.6 L1188.3,224 L1165.35,224 L1165.35,226.6 L1188.3,226.6 Z M1186.75,242.8 L1186.75,240.2 L1165.35,240.2 L1165.35,242.8 L1186.75,242.8 Z M1188.6,259 L1188.6,256.4 L1165.35,256.4 L1165.35,259 L1188.6,259 Z M1208.2,259 L1208.2,248.3 L1215.25,240.55 L1228.35,259 L1231.55,259 L1217,238.6 L1230.25,224 L1226.75,224 L1208.2,244.4 L1208.2,224 L1205.6,224 L1205.6,259 L1208.2,259 Z\" id=\"MIGUELEEK\"><\/path>\n        <\/g>\n    <\/g>\n<\/svg><\/div><\/div><\/div><\/div>\t\t<\/div>\n\t\t\t\t<\/div>\n\t\t\t\t<div class=\"elementor-element elementor-element-099c4b8 elementor-hidden-phone elementor-widget elementor-widget-jet-inline-svg\" data-id=\"099c4b8\" data-element_type=\"widget\" data-widget_type=\"jet-inline-svg.default\">\n\t\t\t\t<div class=\"elementor-widget-container\">\n\t\t\t<div class=\"elementor-jet-inline-svg jet-elements\"><div class=\"jet-inline-svg__wrapper\"><a class=\"jet-inline-svg\" href=\"#bio\" aria-label=\"SVG link\"><div class=\"jet-inline-svg__inner\"><?xml version=\"1.0\" encoding=\"UTF-8\"?>\n<svg width=\"100px\" height=\"100px\" viewBox=\"0 0 100 100\" version=\"1.1\" xmlns=\"http:\/\/www.w3.org\/2000\/svg\" xmlns:xlink=\"http:\/\/www.w3.org\/1999\/xlink\">\n    <!-- Generator: Sketch 61 (89581) - https:\/\/sketch.com -->\n    <title>Group 2 Copy 3<\/title>\n    <desc>Created with Sketch.<\/desc>\n    <g id=\"Welcome\" stroke=\"none\" stroke-width=\"1\" fill=\"none\" fill-rule=\"evenodd\">\n        <g id=\"BIO\" transform=\"translate(-1000.000000, -409.000000)\">\n            <g id=\"Group-2-Copy-3\" transform=\"translate(1050.000000, 459.000000) rotate(-90.000000) translate(-1050.000000, -459.000000) translate(1000.000000, 409.000000)\">\n                <rect id=\"Rectangle-Copy-5\" fill=\"#000000\" x=\"0\" y=\"0\" width=\"100\" height=\"100\"><\/rect>\n                <g id=\"right-arrow-copy\" transform=\"translate(50.500000, 50.343750) rotate(-180.000000) translate(-50.500000, -50.343750) translate(40.000000, 29.343750)\" fill=\"#FFFFFF\" fill-rule=\"nonzero\">\n                    <path d=\"M1.35799019,41.34375 L0,39.9948313 L18.7151463,20.6352086 L0.000750547269,1.35272493 L1.35698946,0 L20.7268632,19.9566893 C21.0908786,20.3317272 21.0908786,20.9326 20.7278639,21.307638 L1.35799019,41.34375 Z\" id=\"Path\"><\/path>\n                <\/g>\n            <\/g>\n        <\/g>\n    <\/g>\n<\/svg><\/div><\/a><\/div><\/div>\t\t<\/div>\n\t\t\t\t<\/div>\n\t\t\t\t\t<\/div>\n\t\t<\/div>\n\t\t\t\t\t<\/div>\n\t\t<\/section>\n\t\t\t\t<section class=\"elementor-section elementor-top-section elementor-element elementor-element-7fd0980 elementor-section-height-min-height elementor-section-boxed elementor-section-height-default elementor-section-items-middle\" data-id=\"7fd0980\" data-element_type=\"section\">\n\t\t\t\t\t\t<div class=\"elementor-container elementor-column-gap-default\">\n\t\t\t\t\t<div class=\"elementor-column elementor-col-100 elementor-top-column elementor-element elementor-element-2b98037\" data-id=\"2b98037\" data-element_type=\"column\" data-settings=\"{&quot;background_background&quot;:&quot;classic&quot;}\">\n\t\t\t<div class=\"elementor-widget-wrap elementor-element-populated\">\n\t\t\t\t\t\t<div class=\"elementor-element elementor-element-4a1391c elementor-widget__width-auto elementor-absolute elementor-widget elementor-widget-menu-anchor\" data-id=\"4a1391c\" data-element_type=\"widget\" data-settings=\"{&quot;_position&quot;:&quot;absolute&quot;}\" data-widget_type=\"menu-anchor.default\">\n\t\t\t\t<div class=\"elementor-widget-container\">\n\t\t\t\t\t<div class=\"elementor-menu-anchor\" id=\"bio\"><\/div>\n\t\t\t\t<\/div>\n\t\t\t\t<\/div>\n\t\t\t\t<div class=\"elementor-element elementor-element-b28eec4 film-text elementor-widget elementor-widget-text-editor\" data-id=\"b28eec4\" data-element_type=\"widget\" data-widget_type=\"text-editor.default\">\n\t\t\t\t<div class=\"elementor-widget-container\">\n\t\t\t\t\t\t\t<p>Filmmaker born in Madrid in 1982. Raised between Mallorca, Stockholm and Barcelona, where he graduated in Documentary Filmmaking at the Cinema and Audiovisual School of Catalonia (ESCAC). He completed his training at the Arcada University of Applied Sciences in Helsinki and other workshops such as Eurodoc.<\/p><p>In 2008 he founded Mosaic, a production company specialized in documentary cinema that produces all his current work as well as that of other filmmakers.<\/p><p>His films have been shown at international festivals such as IDFA, CPH:Dox, FICX Gij\u00f3n, DocEdge, M\u00e1laga, Seminci, Fipadoc, Doxa, Makedox, Atl\u00e0ntida or Cinemed, where they have won a dozen international awards like IDFA or Gij\u00f3n<\/p><p>Miguel is a member of Eurodoc, Docma, APAIB and ACIB and Emerging Producer 2025.<br \/>Since 2019 he is the artistic director of <a href=\"https:\/\/majordocs.org\/\" target=\"_blank\" rel=\"noopener\">MajorDocs<\/a>.<\/p>\t\t\t\t\t\t<\/div>\n\t\t\t\t<\/div>\n\t\t\t\t\t<\/div>\n\t\t<\/div>\n\t\t\t\t\t<\/div>\n\t\t<\/section>\n\t\t\t\t<\/div>\n\t\t","protected":false},"excerpt":{"rendered":"<p>MIGUELEEK Created with Sketch. Group 2 Copy 3 Created with Sketch. Filmmaker born in Madrid in 1982. Raised between Mallorca, Stockholm and Barcelona, where he graduated in Documentary Filmmaking at the Cinema and Audiovisual School of Catalonia (ESCAC). He completed his training at the Arcada University of Applied Sciences in Helsinki and other workshops such [&hellip;]<\/p>\n","protected":false},"author":1,"featured_media":498,"parent":0,"menu_order":0,"comment_status":"closed","ping_status":"closed","template":"","meta":{"footnotes":""},"class_list":["post-231","page","type-page","status-publish","has-post-thumbnail","hentry"],"yoast_head":"<!-- This site is optimized with the Yoast SEO Premium plugin v19.2.1 (Yoast SEO v23.3) - https:\/\/yoast.com\/wordpress\/plugins\/seo\/ -->\n<title>Bio &#8212; Miguel Eek<\/title>\n<meta name=\"description\" content=\"Filmmaker born in Madrid in 1982. Raised between Mallorca, Stockholm and Barcelona, where he graduated in Documentary Filmmaking at the Cinema and Audiovisual School of Catalonia (ESCAC). He completed his training at the Arcada University of Applied Sciences in Helsinki and other workshops such as Eurodoc.\" \/>\n<meta name=\"robots\" content=\"index, follow, max-snippet:-1, max-image-preview:large, max-video-preview:-1\" \/>\n<link rel=\"canonical\" href=\"https:\/\/migueleek.com\/en\/bio\/\" \/>\n<meta property=\"og:locale\" content=\"en_US\" \/>\n<meta property=\"og:type\" content=\"article\" \/>\n<meta property=\"og:title\" content=\"Bio\" \/>\n<meta property=\"og:description\" content=\"Filmmaker born in Madrid in 1982. Raised between Mallorca, Stockholm and Barcelona, where he graduated in Documentary Filmmaking at the Cinema and Audiovisual School of Catalonia (ESCAC). He completed his training at the Arcada University of Applied Sciences in Helsinki and other workshops such as Eurodoc.\" \/>\n<meta property=\"og:url\" content=\"https:\/\/migueleek.com\/en\/bio\/\" \/>\n<meta property=\"og:site_name\" content=\"Miguel Eek\" \/>\n<meta property=\"article:modified_time\" content=\"2025-12-05T20:43:53+00:00\" \/>\n<meta property=\"og:image\" content=\"https:\/\/migueleek.com\/wp-content\/uploads\/2020\/04\/migueleek_bio.jpg\" \/>\n\t<meta property=\"og:image:width\" content=\"1400\" \/>\n\t<meta property=\"og:image:height\" content=\"800\" \/>\n\t<meta property=\"og:image:type\" content=\"image\/jpeg\" \/>\n<meta name=\"twitter:card\" content=\"summary_large_image\" \/>\n<meta name=\"twitter:label1\" content=\"Est. reading time\" \/>\n\t<meta name=\"twitter:data1\" content=\"1 minute\" \/>\n<script type=\"application\/ld+json\" class=\"yoast-schema-graph\">{\"@context\":\"https:\/\/schema.org\",\"@graph\":[{\"@type\":\"WebPage\",\"@id\":\"https:\/\/migueleek.com\/en\/bio\/\",\"url\":\"https:\/\/migueleek.com\/en\/bio\/\",\"name\":\"Bio &#8212; Miguel Eek\",\"isPartOf\":{\"@id\":\"https:\/\/migueleek.com\/en\/#website\"},\"primaryImageOfPage\":{\"@id\":\"https:\/\/migueleek.com\/en\/bio\/#primaryimage\"},\"image\":{\"@id\":\"https:\/\/migueleek.com\/en\/bio\/#primaryimage\"},\"thumbnailUrl\":\"https:\/\/migueleek.com\/wp-content\/uploads\/2020\/04\/migueleek_bio_solo.jpg\",\"datePublished\":\"2020-04-09T10:34:51+00:00\",\"dateModified\":\"2025-12-05T20:43:53+00:00\",\"description\":\"Filmmaker born in Madrid in 1982. Raised between Mallorca, Stockholm and Barcelona, where he graduated in Documentary Filmmaking at the Cinema and Audiovisual School of Catalonia (ESCAC). He completed his training at the Arcada University of Applied Sciences in Helsinki and other workshops such as Eurodoc.\",\"breadcrumb\":{\"@id\":\"https:\/\/migueleek.com\/en\/bio\/#breadcrumb\"},\"inLanguage\":\"en-US\",\"potentialAction\":[{\"@type\":\"ReadAction\",\"target\":[\"https:\/\/migueleek.com\/en\/bio\/\"]}]},{\"@type\":\"ImageObject\",\"inLanguage\":\"en-US\",\"@id\":\"https:\/\/migueleek.com\/en\/bio\/#primaryimage\",\"url\":\"https:\/\/migueleek.com\/wp-content\/uploads\/2020\/04\/migueleek_bio_solo.jpg\",\"contentUrl\":\"https:\/\/migueleek.com\/wp-content\/uploads\/2020\/04\/migueleek_bio_solo.jpg\",\"width\":700,\"height\":800},{\"@type\":\"BreadcrumbList\",\"@id\":\"https:\/\/migueleek.com\/en\/bio\/#breadcrumb\",\"itemListElement\":[{\"@type\":\"ListItem\",\"position\":1,\"name\":\"Home\",\"item\":\"https:\/\/migueleek.com\/en\/\"},{\"@type\":\"ListItem\",\"position\":2,\"name\":\"Bio\"}]},{\"@type\":\"WebSite\",\"@id\":\"https:\/\/migueleek.com\/en\/#website\",\"url\":\"https:\/\/migueleek.com\/en\/\",\"name\":\"Miguel Eek\",\"description\":\"Filmmaker\",\"publisher\":{\"@id\":\"https:\/\/migueleek.com\/en\/#organization\"},\"potentialAction\":[{\"@type\":\"SearchAction\",\"target\":{\"@type\":\"EntryPoint\",\"urlTemplate\":\"https:\/\/migueleek.com\/en\/?s={search_term_string}\"},\"query-input\":\"required name=search_term_string\"}],\"inLanguage\":\"en-US\"},{\"@type\":\"Organization\",\"@id\":\"https:\/\/migueleek.com\/en\/#organization\",\"name\":\"MIGUEL EEK\",\"url\":\"https:\/\/migueleek.com\/en\/\",\"logo\":{\"@type\":\"ImageObject\",\"inLanguage\":\"en-US\",\"@id\":\"https:\/\/migueleek.com\/en\/#\/schema\/logo\/image\/\",\"url\":\"https:\/\/migueleek.com\/wp-content\/uploads\/2019\/05\/logo_b.svg\",\"contentUrl\":\"https:\/\/migueleek.com\/wp-content\/uploads\/2019\/05\/logo_b.svg\",\"width\":200,\"height\":40,\"caption\":\"MIGUEL EEK\"},\"image\":{\"@id\":\"https:\/\/migueleek.com\/en\/#\/schema\/logo\/image\/\"}}]}<\/script>\n<!-- \/ Yoast SEO Premium plugin. -->","yoast_head_json":{"title":"Bio &#8212; Miguel Eek","description":"Filmmaker born in Madrid in 1982. Raised between Mallorca, Stockholm and Barcelona, where he graduated in Documentary Filmmaking at the Cinema and Audiovisual School of Catalonia (ESCAC). He completed his training at the Arcada University of Applied Sciences in Helsinki and other workshops such as Eurodoc.","robots":{"index":"index","follow":"follow","max-snippet":"max-snippet:-1","max-image-preview":"max-image-preview:large","max-video-preview":"max-video-preview:-1"},"canonical":"https:\/\/migueleek.com\/en\/bio\/","og_locale":"en_US","og_type":"article","og_title":"Bio","og_description":"Filmmaker born in Madrid in 1982. Raised between Mallorca, Stockholm and Barcelona, where he graduated in Documentary Filmmaking at the Cinema and Audiovisual School of Catalonia (ESCAC). He completed his training at the Arcada University of Applied Sciences in Helsinki and other workshops such as Eurodoc.","og_url":"https:\/\/migueleek.com\/en\/bio\/","og_site_name":"Miguel Eek","article_modified_time":"2025-12-05T20:43:53+00:00","og_image":[{"width":1400,"height":800,"url":"https:\/\/migueleek.com\/wp-content\/uploads\/2020\/04\/migueleek_bio.jpg","type":"image\/jpeg"}],"twitter_card":"summary_large_image","twitter_misc":{"Est. reading time":"1 minute"},"schema":{"@context":"https:\/\/schema.org","@graph":[{"@type":"WebPage","@id":"https:\/\/migueleek.com\/en\/bio\/","url":"https:\/\/migueleek.com\/en\/bio\/","name":"Bio &#8212; Miguel Eek","isPartOf":{"@id":"https:\/\/migueleek.com\/en\/#website"},"primaryImageOfPage":{"@id":"https:\/\/migueleek.com\/en\/bio\/#primaryimage"},"image":{"@id":"https:\/\/migueleek.com\/en\/bio\/#primaryimage"},"thumbnailUrl":"https:\/\/migueleek.com\/wp-content\/uploads\/2020\/04\/migueleek_bio_solo.jpg","datePublished":"2020-04-09T10:34:51+00:00","dateModified":"2025-12-05T20:43:53+00:00","description":"Filmmaker born in Madrid in 1982. Raised between Mallorca, Stockholm and Barcelona, where he graduated in Documentary Filmmaking at the Cinema and Audiovisual School of Catalonia (ESCAC). He completed his training at the Arcada University of Applied Sciences in Helsinki and other workshops such as Eurodoc.","breadcrumb":{"@id":"https:\/\/migueleek.com\/en\/bio\/#breadcrumb"},"inLanguage":"en-US","potentialAction":[{"@type":"ReadAction","target":["https:\/\/migueleek.com\/en\/bio\/"]}]},{"@type":"ImageObject","inLanguage":"en-US","@id":"https:\/\/migueleek.com\/en\/bio\/#primaryimage","url":"https:\/\/migueleek.com\/wp-content\/uploads\/2020\/04\/migueleek_bio_solo.jpg","contentUrl":"https:\/\/migueleek.com\/wp-content\/uploads\/2020\/04\/migueleek_bio_solo.jpg","width":700,"height":800},{"@type":"BreadcrumbList","@id":"https:\/\/migueleek.com\/en\/bio\/#breadcrumb","itemListElement":[{"@type":"ListItem","position":1,"name":"Home","item":"https:\/\/migueleek.com\/en\/"},{"@type":"ListItem","position":2,"name":"Bio"}]},{"@type":"WebSite","@id":"https:\/\/migueleek.com\/en\/#website","url":"https:\/\/migueleek.com\/en\/","name":"Miguel Eek","description":"Filmmaker","publisher":{"@id":"https:\/\/migueleek.com\/en\/#organization"},"potentialAction":[{"@type":"SearchAction","target":{"@type":"EntryPoint","urlTemplate":"https:\/\/migueleek.com\/en\/?s={search_term_string}"},"query-input":"required name=search_term_string"}],"inLanguage":"en-US"},{"@type":"Organization","@id":"https:\/\/migueleek.com\/en\/#organization","name":"MIGUEL EEK","url":"https:\/\/migueleek.com\/en\/","logo":{"@type":"ImageObject","inLanguage":"en-US","@id":"https:\/\/migueleek.com\/en\/#\/schema\/logo\/image\/","url":"https:\/\/migueleek.com\/wp-content\/uploads\/2019\/05\/logo_b.svg","contentUrl":"https:\/\/migueleek.com\/wp-content\/uploads\/2019\/05\/logo_b.svg","width":200,"height":40,"caption":"MIGUEL EEK"},"image":{"@id":"https:\/\/migueleek.com\/en\/#\/schema\/logo\/image\/"}}]}},"_links":{"self":[{"href":"https:\/\/migueleek.com\/en\/wp-json\/wp\/v2\/pages\/231"}],"collection":[{"href":"https:\/\/migueleek.com\/en\/wp-json\/wp\/v2\/pages"}],"about":[{"href":"https:\/\/migueleek.com\/en\/wp-json\/wp\/v2\/types\/page"}],"author":[{"embeddable":true,"href":"https:\/\/migueleek.com\/en\/wp-json\/wp\/v2\/users\/1"}],"replies":[{"embeddable":true,"href":"https:\/\/migueleek.com\/en\/wp-json\/wp\/v2\/comments?post=231"}],"version-history":[{"count":9,"href":"https:\/\/migueleek.com\/en\/wp-json\/wp\/v2\/pages\/231\/revisions"}],"predecessor-version":[{"id":1932,"href":"https:\/\/migueleek.com\/en\/wp-json\/wp\/v2\/pages\/231\/revisions\/1932"}],"wp:featuredmedia":[{"embeddable":true,"href":"https:\/\/migueleek.com\/en\/wp-json\/wp\/v2\/media\/498"}],"wp:attachment":[{"href":"https:\/\/migueleek.com\/en\/wp-json\/wp\/v2\/media?parent=231"}],"curies":[{"name":"wp","href":"https:\/\/api.w.org\/{rel}","templated":true}]}}